{"id":16,"date":"2023-02-03T00:14:01","date_gmt":"2023-02-03T00:14:01","guid":{"rendered":"https:\/\/estudiocornaglia.servidoronline.net\/?page_id=16"},"modified":"2023-11-02T20:26:53","modified_gmt":"2023-11-02T20:26:53","slug":"clientes","status":"publish","type":"page","link":"https:\/\/estudiocornaglia.com\/index.php\/clientes\/","title":{"rendered":"Clientes"},"content":{"rendered":"\n<div id=\"wp-block-themeisle-blocks-advanced-columns-2672f4b5\" class=\"wp-block-themeisle-blocks-advanced-columns alignfull has-1-columns has-desktop-equal-layout has-tablet-equal-layout has-mobile-collapsedRows-layout has-vertical-top has-light-bg\"><div class=\"wp-block-themeisle-blocks-advanced-columns-overlay\"><\/div><div class=\"innerblocks-wrap\">\n<div id=\"wp-block-themeisle-blocks-advanced-column-05e52c3e\" class=\"wp-block-themeisle-blocks-advanced-column\">\n<h2 class=\"wp-block-heading has-neve-link-hover-color-color has-text-color has-large-font-size\" style=\"font-style:normal;font-weight:700\">ESTAS EMPRESAS CONF\u00cdAN EN NOSOTROS<\/h2>\n\n\n\n<div style=\"height:19px\" aria-hidden=\"true\" class=\"wp-block-spacer\"><\/div>\n\n\n\n<p>Nos enorgullece haber tenido la oportunidad de representar a una amplia gama de empresas de diferentes sectores e industrias. Hemos trabajado arduamente para comprender las necesidades y objetivos de cada uno de nuestros clientes y hemos brindado asesoramiento y representaci\u00f3n legal de alta calidad para ayudarles a lograr sus metas comerciales y proteger sus intereses.<\/p>\n\n\n\n<p>Ayko S.A.  <br>Mevex Salud <br>Roadmap <br>Grupo R\u00e9 <br>C\u00e1mara de Almaceneros de la Pcia. de Bs. As.<br>Kilat Joyas<br>Club Cazadores de Jun\u00edn <br>Mundo Joyas<br>Farmacia Mutual<br>Unicompras S.R.L.<br>Hormigonera Cortese S.A.<br>Embriagues del Oeste<br>Liliana&nbsp;Verano<br>Corral\u00f3n Don Emilio<\/p>\n<\/div>\n<\/div><\/div>\n","protected":false},"excerpt":{"rendered":"","protected":false},"author":1,"featured_media":0,"parent":0,"menu_order":0,"comment_status":"closed","ping_status":"closed","template":"","meta":{"neve_meta_sidebar":"","neve_meta_container":"","neve_meta_enable_content_width":"","neve_meta_content_width":0,"neve_meta_title_alignment":"","neve_meta_author_avatar":"","neve_post_elements_order":"","neve_meta_disable_header":"","neve_meta_disable_footer":"","neve_meta_disable_title":"","_themeisle_gutenberg_block_has_review":false,"footnotes":""},"class_list":["post-16","page","type-page","status-publish","hentry"],"yoast_head":"<!-- This site is optimized with the Yoast SEO plugin v27.3 - https:\/\/yoast.com\/product\/yoast-seo-wordpress\/ -->\n<title>Clientes - Estudio Jur\u00eddico Cornaglia - Cichero y Asociados<\/title>\n<meta name=\"description\" content=\"Empresas que conf\u00edan en nosotros. Hemos brindado asesoramiento y representaci\u00f3n legal de alta calidad para ayudarles a lograr sus metas.\" \/>\n<meta name=\"robots\" content=\"index, follow, max-snippet:-1, max-image-preview:large, max-video-preview:-1\" \/>\n<link rel=\"canonical\" href=\"https:\/\/estudiocornaglia.com\/index.php\/clientes\/\" \/>\n<meta property=\"og:locale\" content=\"es_ES\" \/>\n<meta property=\"og:type\" content=\"article\" \/>\n<meta property=\"og:title\" content=\"Clientes - Estudio Jur\u00eddico Cornaglia - Cichero y Asociados\" \/>\n<meta property=\"og:description\" content=\"Empresas que conf\u00edan en nosotros. Hemos brindado asesoramiento y representaci\u00f3n legal de alta calidad para ayudarles a lograr sus metas.\" \/>\n<meta property=\"og:url\" content=\"https:\/\/estudiocornaglia.com\/index.php\/clientes\/\" \/>\n<meta property=\"og:site_name\" content=\"Estudio Jur\u00eddico Cornaglia - Cichero y Asociados\" \/>\n<meta property=\"article:publisher\" content=\"https:\/\/www.facebook.com\/EstCornaglia\/?locale=es_LA\" \/>\n<meta property=\"article:modified_time\" content=\"2023-11-02T20:26:53+00:00\" \/>\n<meta name=\"twitter:card\" content=\"summary_large_image\" \/>\n<meta name=\"twitter:label1\" content=\"Tiempo de lectura\" \/>\n\t<meta name=\"twitter:data1\" content=\"1 minuto\" \/>\n<script type=\"application\/ld+json\" class=\"yoast-schema-graph\">{\"@context\":\"https:\\\/\\\/schema.org\",\"@graph\":[{\"@type\":\"WebPage\",\"@id\":\"https:\\\/\\\/estudiocornaglia.com\\\/index.php\\\/clientes\\\/\",\"url\":\"https:\\\/\\\/estudiocornaglia.com\\\/index.php\\\/clientes\\\/\",\"name\":\"Clientes - Estudio Jur\u00eddico Cornaglia - Cichero y Asociados\",\"isPartOf\":{\"@id\":\"https:\\\/\\\/estudiocornaglia.com\\\/#website\"},\"datePublished\":\"2023-02-03T00:14:01+00:00\",\"dateModified\":\"2023-11-02T20:26:53+00:00\",\"description\":\"Empresas que conf\u00edan en nosotros. Hemos brindado asesoramiento y representaci\u00f3n legal de alta calidad para ayudarles a lograr sus metas.\",\"breadcrumb\":{\"@id\":\"https:\\\/\\\/estudiocornaglia.com\\\/index.php\\\/clientes\\\/#breadcrumb\"},\"inLanguage\":\"es\",\"potentialAction\":[{\"@type\":\"ReadAction\",\"target\":[\"https:\\\/\\\/estudiocornaglia.com\\\/index.php\\\/clientes\\\/\"]}]},{\"@type\":\"BreadcrumbList\",\"@id\":\"https:\\\/\\\/estudiocornaglia.com\\\/index.php\\\/clientes\\\/#breadcrumb\",\"itemListElement\":[{\"@type\":\"ListItem\",\"position\":1,\"name\":\"Portada\",\"item\":\"https:\\\/\\\/estudiocornaglia.com\\\/\"},{\"@type\":\"ListItem\",\"position\":2,\"name\":\"Clientes\"}]},{\"@type\":\"WebSite\",\"@id\":\"https:\\\/\\\/estudiocornaglia.com\\\/#website\",\"url\":\"https:\\\/\\\/estudiocornaglia.com\\\/\",\"name\":\"Estudio Jur\u00eddico Cornaglia - Cichero y Asociados\",\"description\":\"Estudio jur\u00eddico integral con m\u00e1s de 25 a\u00f1os de trayectoria litigando en la provincia de Buenos Aires.\",\"publisher\":{\"@id\":\"https:\\\/\\\/estudiocornaglia.com\\\/#organization\"},\"potentialAction\":[{\"@type\":\"SearchAction\",\"target\":{\"@type\":\"EntryPoint\",\"urlTemplate\":\"https:\\\/\\\/estudiocornaglia.com\\\/?s={search_term_string}\"},\"query-input\":{\"@type\":\"PropertyValueSpecification\",\"valueRequired\":true,\"valueName\":\"search_term_string\"}}],\"inLanguage\":\"es\"},{\"@type\":\"Organization\",\"@id\":\"https:\\\/\\\/estudiocornaglia.com\\\/#organization\",\"name\":\"Estudio Jur\u00eddico Cornaglia - Cichero y Asociados\",\"url\":\"https:\\\/\\\/estudiocornaglia.com\\\/\",\"logo\":{\"@type\":\"ImageObject\",\"inLanguage\":\"es\",\"@id\":\"https:\\\/\\\/estudiocornaglia.com\\\/#\\\/schema\\\/logo\\\/image\\\/\",\"url\":\"https:\\\/\\\/estudiocornaglia.com\\\/wp-content\\\/uploads\\\/2023\\\/02\\\/FEED-CORNAGLIA-02.jpg\",\"contentUrl\":\"https:\\\/\\\/estudiocornaglia.com\\\/wp-content\\\/uploads\\\/2023\\\/02\\\/FEED-CORNAGLIA-02.jpg\",\"width\":2250,\"height\":2250,\"caption\":\"Estudio Jur\u00eddico Cornaglia - Cichero y Asociados\"},\"image\":{\"@id\":\"https:\\\/\\\/estudiocornaglia.com\\\/#\\\/schema\\\/logo\\\/image\\\/\"},\"sameAs\":[\"https:\\\/\\\/www.facebook.com\\\/EstCornaglia\\\/?locale=es_LA\",\"https:\\\/\\\/www.instagram.com\\\/estudio.cornaglia\"]}]}<\/script>\n<!-- \/ Yoast SEO plugin. -->","yoast_head_json":{"title":"Clientes - Estudio Jur\u00eddico Cornaglia - Cichero y Asociados","description":"Empresas que conf\u00edan en nosotros. Hemos brindado asesoramiento y representaci\u00f3n legal de alta calidad para ayudarles a lograr sus metas.","robots":{"index":"index","follow":"follow","max-snippet":"max-snippet:-1","max-image-preview":"max-image-preview:large","max-video-preview":"max-video-preview:-1"},"canonical":"https:\/\/estudiocornaglia.com\/index.php\/clientes\/","og_locale":"es_ES","og_type":"article","og_title":"Clientes - Estudio Jur\u00eddico Cornaglia - Cichero y Asociados","og_description":"Empresas que conf\u00edan en nosotros. Hemos brindado asesoramiento y representaci\u00f3n legal de alta calidad para ayudarles a lograr sus metas.","og_url":"https:\/\/estudiocornaglia.com\/index.php\/clientes\/","og_site_name":"Estudio Jur\u00eddico Cornaglia - Cichero y Asociados","article_publisher":"https:\/\/www.facebook.com\/EstCornaglia\/?locale=es_LA","article_modified_time":"2023-11-02T20:26:53+00:00","twitter_card":"summary_large_image","twitter_misc":{"Tiempo de lectura":"1 minuto"},"schema":{"@context":"https:\/\/schema.org","@graph":[{"@type":"WebPage","@id":"https:\/\/estudiocornaglia.com\/index.php\/clientes\/","url":"https:\/\/estudiocornaglia.com\/index.php\/clientes\/","name":"Clientes - Estudio Jur\u00eddico Cornaglia - Cichero y Asociados","isPartOf":{"@id":"https:\/\/estudiocornaglia.com\/#website"},"datePublished":"2023-02-03T00:14:01+00:00","dateModified":"2023-11-02T20:26:53+00:00","description":"Empresas que conf\u00edan en nosotros. Hemos brindado asesoramiento y representaci\u00f3n legal de alta calidad para ayudarles a lograr sus metas.","breadcrumb":{"@id":"https:\/\/estudiocornaglia.com\/index.php\/clientes\/#breadcrumb"},"inLanguage":"es","potentialAction":[{"@type":"ReadAction","target":["https:\/\/estudiocornaglia.com\/index.php\/clientes\/"]}]},{"@type":"BreadcrumbList","@id":"https:\/\/estudiocornaglia.com\/index.php\/clientes\/#breadcrumb","itemListElement":[{"@type":"ListItem","position":1,"name":"Portada","item":"https:\/\/estudiocornaglia.com\/"},{"@type":"ListItem","position":2,"name":"Clientes"}]},{"@type":"WebSite","@id":"https:\/\/estudiocornaglia.com\/#website","url":"https:\/\/estudiocornaglia.com\/","name":"Estudio Jur\u00eddico Cornaglia - Cichero y Asociados","description":"Estudio jur\u00eddico integral con m\u00e1s de 25 a\u00f1os de trayectoria litigando en la provincia de Buenos Aires.","publisher":{"@id":"https:\/\/estudiocornaglia.com\/#organization"},"potentialAction":[{"@type":"SearchAction","target":{"@type":"EntryPoint","urlTemplate":"https:\/\/estudiocornaglia.com\/?s={search_term_string}"},"query-input":{"@type":"PropertyValueSpecification","valueRequired":true,"valueName":"search_term_string"}}],"inLanguage":"es"},{"@type":"Organization","@id":"https:\/\/estudiocornaglia.com\/#organization","name":"Estudio Jur\u00eddico Cornaglia - Cichero y Asociados","url":"https:\/\/estudiocornaglia.com\/","logo":{"@type":"ImageObject","inLanguage":"es","@id":"https:\/\/estudiocornaglia.com\/#\/schema\/logo\/image\/","url":"https:\/\/estudiocornaglia.com\/wp-content\/uploads\/2023\/02\/FEED-CORNAGLIA-02.jpg","contentUrl":"https:\/\/estudiocornaglia.com\/wp-content\/uploads\/2023\/02\/FEED-CORNAGLIA-02.jpg","width":2250,"height":2250,"caption":"Estudio Jur\u00eddico Cornaglia - Cichero y Asociados"},"image":{"@id":"https:\/\/estudiocornaglia.com\/#\/schema\/logo\/image\/"},"sameAs":["https:\/\/www.facebook.com\/EstCornaglia\/?locale=es_LA","https:\/\/www.instagram.com\/estudio.cornaglia"]}]}},"_links":{"self":[{"href":"https:\/\/estudiocornaglia.com\/index.php\/wp-json\/wp\/v2\/pages\/16","targetHints":{"allow":["GET"]}}],"collection":[{"href":"https:\/\/estudiocornaglia.com\/index.php\/wp-json\/wp\/v2\/pages"}],"about":[{"href":"https:\/\/estudiocornaglia.com\/index.php\/wp-json\/wp\/v2\/types\/page"}],"author":[{"embeddable":true,"href":"https:\/\/estudiocornaglia.com\/index.php\/wp-json\/wp\/v2\/users\/1"}],"replies":[{"embeddable":true,"href":"https:\/\/estudiocornaglia.com\/index.php\/wp-json\/wp\/v2\/comments?post=16"}],"version-history":[{"count":5,"href":"https:\/\/estudiocornaglia.com\/index.php\/wp-json\/wp\/v2\/pages\/16\/revisions"}],"predecessor-version":[{"id":798,"href":"https:\/\/estudiocornaglia.com\/index.php\/wp-json\/wp\/v2\/pages\/16\/revisions\/798"}],"wp:attachment":[{"href":"https:\/\/estudiocornaglia.com\/index.php\/wp-json\/wp\/v2\/media?parent=16"}],"curies":[{"name":"wp","href":"https:\/\/api.w.org\/{rel}","templated":true}]}}