{"id":161,"date":"2020-02-26T09:07:17","date_gmt":"2020-02-26T09:07:17","guid":{"rendered":"https:\/\/demosites.io\/lawyers-gb\/?page_id=161"},"modified":"2024-10-15T17:02:19","modified_gmt":"2024-10-15T20:02:19","slug":"sobre-nosotros","status":"publish","type":"page","link":"https:\/\/estudiocornaglia.com\/index.php\/sobre-nosotros\/","title":{"rendered":"Nosotros"},"content":{"rendered":"\n<div id=\"wp-block-themeisle-blocks-advanced-columns-b6302475\" class=\"wp-block-themeisle-blocks-advanced-columns has-1-columns has-desktop-equal-layout has-tablet-equal-layout has-mobile-collapsedRows-layout has-vertical-unset\"><div class=\"wp-block-themeisle-blocks-advanced-columns-overlay\"><\/div><div class=\"innerblocks-wrap\">\n<div id=\"wp-block-themeisle-blocks-advanced-column-8fbbe9e9\" class=\"wp-block-themeisle-blocks-advanced-column\">\n<div id=\"wp-block-themeisle-blocks-advanced-columns-d87d87fb\" class=\"wp-block-themeisle-blocks-advanced-columns alignfull has-1-columns has-desktop-equal-layout has-tablet-equal-layout has-mobile-collapsedRows-layout has-vertical-center ticss-c00aadba has-light-bg\"><div class=\"wp-block-themeisle-blocks-advanced-columns-overlay\"><\/div><div class=\"innerblocks-wrap\">\n<div id=\"wp-block-themeisle-blocks-advanced-column-60dad16e\" class=\"wp-block-themeisle-blocks-advanced-column\">\n<div id=\"wp-block-themeisle-blocks-advanced-columns-d2e20cf0\" class=\"wp-block-themeisle-blocks-advanced-columns has-1-columns has-desktop-equal-layout has-tablet-equal-layout has-mobile-equal-layout has-vertical-center\"><div class=\"wp-block-themeisle-blocks-advanced-columns-overlay\"><\/div><div class=\"innerblocks-wrap\">\n<div id=\"wp-block-themeisle-blocks-advanced-column-05d18d48\" class=\"wp-block-themeisle-blocks-advanced-column\">\n<h2 id=\"wp-block-themeisle-blocks-advanced-heading-a0f1691e\" class=\"wp-block-themeisle-blocks-advanced-heading wp-block-themeisle-blocks-advanced-heading-a0f1691e\"><strong>NUESTRO EQUIPO<\/strong><\/h2>\n<\/div>\n<\/div><\/div>\n\n\n\n<div id=\"wp-block-themeisle-blocks-advanced-columns-be71e345\" class=\"wp-block-themeisle-blocks-advanced-columns has-3-columns has-desktop-equal-layout has-tablet-equal-layout has-mobile-collapsedRows-layout has-vertical-top\"><div class=\"wp-block-themeisle-blocks-advanced-columns-overlay\"><\/div><div class=\"innerblocks-wrap\">\n<div id=\"wp-block-themeisle-blocks-advanced-column-956fcf84\" class=\"wp-block-themeisle-blocks-advanced-column\">\n<figure class=\"wp-block-image size-full has-custom-border is-style-default\"><img loading=\"lazy\" decoding=\"async\" width=\"833\" height=\"833\" src=\"https:\/\/estudiocornaglia.com\/wp-content\/uploads\/2023\/06\/Estudio-cornaglia-03.jpg\" alt=\"\" class=\"wp-image-782\" style=\"border-radius:20px\" srcset=\"https:\/\/estudiocornaglia.com\/wp-content\/uploads\/2023\/06\/Estudio-cornaglia-03.jpg 833w, https:\/\/estudiocornaglia.com\/wp-content\/uploads\/2023\/06\/Estudio-cornaglia-03-300x300.jpg 300w, https:\/\/estudiocornaglia.com\/wp-content\/uploads\/2023\/06\/Estudio-cornaglia-03-150x150.jpg 150w, https:\/\/estudiocornaglia.com\/wp-content\/uploads\/2023\/06\/Estudio-cornaglia-03-768x768.jpg 768w\" sizes=\"auto, (max-width: 833px) 100vw, 833px\" \/><\/figure>\n\n\n\n<div style=\"height:10px\" aria-hidden=\"true\" class=\"wp-block-spacer\"><\/div>\n\n\n\n<h3 id=\"wp-block-themeisle-blocks-advanced-heading-16fc6df3\" class=\"wp-block-themeisle-blocks-advanced-heading wp-block-themeisle-blocks-advanced-heading-16fc6df3\">NICOL\u00c1S E. CORNAGLIA<\/h3>\n\n\n\n<p id=\"wp-block-themeisle-blocks-advanced-heading-1c8a5fcf\" class=\"wp-block-themeisle-blocks-advanced-heading wp-block-themeisle-blocks-advanced-heading-1c8a5fcf\"><strong>SOCIO &#8211; t\u00b0VI f\u00b0194 &#8211; C.A.D.J.J.<\/strong><\/p>\n\n\n\n<p class=\"has-text-align-left\">Cel.: 236 431-8134<\/p>\n<\/div>\n\n\n\n<div id=\"wp-block-themeisle-blocks-advanced-column-f1dd3410\" class=\"wp-block-themeisle-blocks-advanced-column\"><\/div>\n\n\n\n<div id=\"wp-block-themeisle-blocks-advanced-column-f37f6b1b\" class=\"wp-block-themeisle-blocks-advanced-column\">\n<figure class=\"wp-block-image size-full has-custom-border is-style-default\"><img loading=\"lazy\" decoding=\"async\" width=\"833\" height=\"833\" src=\"https:\/\/estudiocornaglia.com\/wp-content\/uploads\/2023\/06\/Estudio-cornaglia-02.jpg\" alt=\"\" class=\"wp-image-783\" style=\"border-radius:20px\" srcset=\"https:\/\/estudiocornaglia.com\/wp-content\/uploads\/2023\/06\/Estudio-cornaglia-02.jpg 833w, https:\/\/estudiocornaglia.com\/wp-content\/uploads\/2023\/06\/Estudio-cornaglia-02-300x300.jpg 300w, https:\/\/estudiocornaglia.com\/wp-content\/uploads\/2023\/06\/Estudio-cornaglia-02-150x150.jpg 150w, https:\/\/estudiocornaglia.com\/wp-content\/uploads\/2023\/06\/Estudio-cornaglia-02-768x768.jpg 768w\" sizes=\"auto, (max-width: 833px) 100vw, 833px\" \/><\/figure>\n\n\n\n<div style=\"height:10px\" aria-hidden=\"true\" class=\"wp-block-spacer\"><\/div>\n\n\n\n<h3 id=\"wp-block-themeisle-blocks-advanced-heading-6d3ad3b2\" class=\"wp-block-themeisle-blocks-advanced-heading wp-block-themeisle-blocks-advanced-heading-6d3ad3b2\">GERM\u00c1N A. CICHERO <\/h3>\n\n\n\n<p id=\"wp-block-themeisle-blocks-advanced-heading-bde218cd\" class=\"wp-block-themeisle-blocks-advanced-heading wp-block-themeisle-blocks-advanced-heading-bde218cd\"><strong><strong>SOCIO &#8211; T\u00ba IX F\u00ba 26 &#8211; C.A.D.J.J.<\/strong><\/strong><\/p>\n\n\n\n<p>Cel.: 236 457-8419<\/p>\n<\/div>\n<\/div><\/div>\n<\/div>\n<\/div><\/div>\n\n\n\n<div id=\"wp-block-themeisle-blocks-advanced-columns-10c3b3b9\" class=\"wp-block-themeisle-blocks-advanced-columns alignfull has-3-columns has-desktop-equal-layout has-tablet-equal-layout has-mobile-collapsedRows-layout has-vertical-center ticss-c00aadba has-dark-bg\"><div class=\"wp-block-themeisle-blocks-advanced-columns-overlay\"><\/div><div class=\"innerblocks-wrap\">\n<div id=\"wp-block-themeisle-blocks-advanced-column-d631e6ea\" class=\"wp-block-themeisle-blocks-advanced-column\">\n<figure class=\"wp-block-image size-full has-custom-border is-style-default\"><img loading=\"lazy\" decoding=\"async\" width=\"2304\" height=\"2560\" src=\"https:\/\/estudiocornaglia.com\/wp-content\/uploads\/2024\/08\/foto-scaled.jpg\" alt=\"\" class=\"wp-image-855\" style=\"border-radius:20px;object-fit:cover\" srcset=\"https:\/\/estudiocornaglia.com\/wp-content\/uploads\/2024\/08\/foto-scaled.jpg 2304w, https:\/\/estudiocornaglia.com\/wp-content\/uploads\/2024\/08\/foto-270x300.jpg 270w, https:\/\/estudiocornaglia.com\/wp-content\/uploads\/2024\/08\/foto-922x1024.jpg 922w, https:\/\/estudiocornaglia.com\/wp-content\/uploads\/2024\/08\/foto-768x853.jpg 768w, https:\/\/estudiocornaglia.com\/wp-content\/uploads\/2024\/08\/foto-1382x1536.jpg 1382w, https:\/\/estudiocornaglia.com\/wp-content\/uploads\/2024\/08\/foto-1843x2048.jpg 1843w\" sizes=\"auto, (max-width: 2304px) 100vw, 2304px\" \/><\/figure>\n\n\n\n<h3 id=\"wp-block-themeisle-blocks-advanced-heading-cde6b7f4\" class=\"wp-block-themeisle-blocks-advanced-heading wp-block-themeisle-blocks-advanced-heading-cde6b7f4\">JUAN MANUEL CORNAGLIA R\u00c9<\/h3>\n\n\n\n<p id=\"wp-block-themeisle-blocks-advanced-heading-62d6f5d3\" class=\"wp-block-themeisle-blocks-advanced-heading wp-block-themeisle-blocks-advanced-heading-62d6f5d3\"><strong>PROCURADOR<\/strong><\/p>\n<\/div>\n\n\n\n<div id=\"wp-block-themeisle-blocks-advanced-column-4f63157a\" class=\"wp-block-themeisle-blocks-advanced-column\"><\/div>\n\n\n\n<div id=\"wp-block-themeisle-blocks-advanced-column-8d6a8886\" class=\"wp-block-themeisle-blocks-advanced-column\">\n<figure class=\"wp-block-image size-large has-custom-border is-style-default\"><img loading=\"lazy\" decoding=\"async\" width=\"918\" height=\"1024\" src=\"https:\/\/estudiocornaglia.com\/wp-content\/uploads\/2024\/09\/Foto-Gian-estudio-3-918x1024.jpg\" alt=\"\" class=\"wp-image-920\" style=\"border-radius:20px\" srcset=\"https:\/\/estudiocornaglia.com\/wp-content\/uploads\/2024\/09\/Foto-Gian-estudio-3-918x1024.jpg 918w, https:\/\/estudiocornaglia.com\/wp-content\/uploads\/2024\/09\/Foto-Gian-estudio-3-269x300.jpg 269w, https:\/\/estudiocornaglia.com\/wp-content\/uploads\/2024\/09\/Foto-Gian-estudio-3-768x857.jpg 768w, https:\/\/estudiocornaglia.com\/wp-content\/uploads\/2024\/09\/Foto-Gian-estudio-3.jpg 1066w\" sizes=\"auto, (max-width: 918px) 100vw, 918px\" \/><\/figure>\n\n\n\n<h3 id=\"wp-block-themeisle-blocks-advanced-heading-fdf95163\" class=\"wp-block-themeisle-blocks-advanced-heading wp-block-themeisle-blocks-advanced-heading-fdf95163\">GIANLUCA NASO<\/h3>\n\n\n\n<p id=\"wp-block-themeisle-blocks-advanced-heading-eb642b47\" class=\"wp-block-themeisle-blocks-advanced-heading wp-block-themeisle-blocks-advanced-heading-eb642b47\"><strong>PROCURADOR<\/strong><\/p>\n<\/div>\n<\/div><\/div>\n<\/div>\n<\/div><\/div>\n\n\n\n<div id=\"wp-block-themeisle-blocks-advanced-columns-d946e2d0\" class=\"wp-block-themeisle-blocks-advanced-columns has-1-columns has-desktop-equal-layout has-tablet-equal-layout hide-in-mobile has-vertical-center has-light-bg\"><div class=\"wp-block-themeisle-blocks-advanced-columns-overlay\"><\/div><div class=\"innerblocks-wrap\">\n<div id=\"wp-block-themeisle-blocks-advanced-column-112a8d54\" class=\"wp-block-themeisle-blocks-advanced-column\">\n<h2 class=\"wp-block-heading has-neve-link-hover-color-color has-text-color has-large-font-size\" style=\"font-style:normal;font-weight:700\">COBERTURA INTERDISCIPLINARIA<\/h2>\n\n\n\n<p class=\"has-neve-link-hover-color-color has-text-color\" style=\"font-size:18px\">  Tambi\u00e9n contamos con la colaboraci\u00f3n de un conjunto de profesionales especializados en distintas disciplinas externas al estudio.<br>  Con ellos trabajamos conjuntamente para la resoluci\u00f3n de casos de especial complejidad:<br>&#8211; Contadur\u00eda<br>&#8211; Escriban\u00eda<br>&#8211; Tasaciones<br>&#8211; Psicolog\u00eda<br>&#8211; Especialistas en recursos ante la Corte Suprema de Justicia de la Naci\u00f3n<\/p>\n<\/div>\n<\/div><\/div>\n\n\n\n<div id=\"wp-block-themeisle-blocks-advanced-columns-4799159d\" class=\"wp-block-themeisle-blocks-advanced-columns alignfull has-2-columns has-desktop-oneTwo-layout has-tablet-equal-layout hide-in-mobile has-vertical-center has-light-bg\"><div class=\"wp-block-themeisle-blocks-advanced-columns-overlay\"><\/div><div class=\"innerblocks-wrap\">\n<div id=\"wp-block-themeisle-blocks-advanced-column-d281c4c3\" class=\"wp-block-themeisle-blocks-advanced-column\"><div class=\"wp-block-image\">\n<figure class=\"aligncenter size-full is-resized\"><img loading=\"lazy\" decoding=\"async\" width=\"2560\" height=\"1707\" src=\"https:\/\/estudiocornaglia.com\/wp-content\/uploads\/2023\/02\/businessman-reading-contract-closeup-scaled.jpg\" alt=\"\" class=\"wp-image-280\" style=\"width:510px;height:340px\" srcset=\"https:\/\/estudiocornaglia.com\/wp-content\/uploads\/2023\/02\/businessman-reading-contract-closeup-scaled.jpg 2560w, https:\/\/estudiocornaglia.com\/wp-content\/uploads\/2023\/02\/businessman-reading-contract-closeup-300x200.jpg 300w\" sizes=\"auto, (max-width: 2560px) 100vw, 2560px\" \/><\/figure>\n<\/div><\/div>\n\n\n\n<div id=\"wp-block-themeisle-blocks-advanced-column-bb3c1936\" class=\"wp-block-themeisle-blocks-advanced-column\">\n<h2 class=\"wp-block-heading has-neve-link-hover-color-color has-text-color has-large-font-size\" style=\"font-style:normal;font-weight:700\">C\u00d3MO TRABAJAMOS<\/h2>\n\n\n\n<p class=\"has-neve-link-hover-color-color has-text-color\">Nuestro equipo est\u00e1 formado por abogados altamente capacitados y experimentados que se dedican a entender las necesidades de nuestros clientes y brindarles asesoramiento y representaci\u00f3n legal de alta calidad para lograr los mejores resultados posibles. <br>Nos comprometemos a mantener una comunicaci\u00f3n abierta y transparente con nuestros clientes y a representar sus intereses con integridad y pasi\u00f3n en todo momento.<\/p>\n\n\n\n<div id=\"wp-block-themeisle-blocks-button-group-8fd43d2a\" class=\"wp-block-themeisle-blocks-button-group wp-block-buttons\">\n<div id=\"wp-block-themeisle-blocks-button-dbb09ed6\" class=\"wp-block-themeisle-blocks-button wp-block-button\"><a href=\"https:\/\/estudiocornaglia.com\/index.php\/contacto\/\" target=\"_self\" rel=\"noopener noreferrer\" class=\"wp-block-button__link\"><span>QUIERO UNA ENTREVISTA<\/span><\/a><\/div>\n<\/div>\n<\/div>\n<\/div><\/div>\n\n\n\n<div id=\"wp-block-themeisle-blocks-advanced-columns-2a22fb50\" class=\"wp-block-themeisle-blocks-advanced-columns has-3-columns has-desktop-oneTwo-layout has-tablet-equal-layout hide-in-mobile has-vertical-center has-light-bg\"><div class=\"wp-block-themeisle-blocks-advanced-columns-overlay\"><\/div><div class=\"innerblocks-wrap\">\n<div id=\"wp-block-themeisle-blocks-advanced-column-dae4a7a2\" class=\"wp-block-themeisle-blocks-advanced-column\">\n<h2 class=\"wp-block-heading has-neve-link-hover-color-color has-text-color has-large-font-size\" style=\"font-style:normal;font-weight:700\">ZONAS DE INFLUENCIA<\/h2>\n\n\n\n<p style=\"font-size:18px\">Azul<br>Avellaneda &#8211; Lan\u00fas<br>Bah\u00eda Blanca<br>CABA<br>Dolores<br>General San Mart\u00edn<br>Jun\u00edn<br>La Matanza<br>La Plata <br>Lomas de Zamora<br>Mar del Plata<\/p>\n<\/div>\n\n\n\n<div id=\"wp-block-themeisle-blocks-advanced-column-5a53280a\" class=\"wp-block-themeisle-blocks-advanced-column\">\n<p style=\"font-size:18px\">Mercedes <br>Moreno &#8211; General Rodr\u00edguez<br>Mor\u00f3n<br>Necochea<br>Pergamino<br>Quilmes <br>San Isidro <br>San Nicol\u00e1s<br>Trenque Lauquen <br>Zarate Campana<\/p>\n<\/div>\n\n\n\n<div id=\"wp-block-themeisle-blocks-advanced-column-d2171be1\" class=\"wp-block-themeisle-blocks-advanced-column\">\n<figure class=\"wp-block-image size-full is-resized\"><img loading=\"lazy\" decoding=\"async\" width=\"624\" height=\"903\" src=\"https:\/\/estudiocornaglia.com\/wp-content\/uploads\/2023\/05\/mapa-delegaciones721.png\" alt=\"\" class=\"wp-image-672\" style=\"width:291px;height:421px\" srcset=\"https:\/\/estudiocornaglia.com\/wp-content\/uploads\/2023\/05\/mapa-delegaciones721.png 624w, https:\/\/estudiocornaglia.com\/wp-content\/uploads\/2023\/05\/mapa-delegaciones721-207x300.png 207w\" sizes=\"auto, (max-width: 624px) 100vw, 624px\" \/><\/figure>\n<\/div>\n<\/div><\/div>\n","protected":false},"excerpt":{"rendered":"","protected":false},"author":1,"featured_media":0,"parent":0,"menu_order":0,"comment_status":"closed","ping_status":"closed","template":"page-templates\/template-pagebuilder-full-width.php","meta":{"neve_meta_sidebar":"left","neve_meta_container":"","neve_meta_enable_content_width":"on","neve_meta_content_width":100,"neve_meta_title_alignment":"","neve_meta_author_avatar":"","neve_post_elements_order":"","neve_meta_disable_header":"","neve_meta_disable_footer":"","neve_meta_disable_title":"off","_themeisle_gutenberg_block_has_review":false,"footnotes":""},"class_list":["post-161","page","type-page","status-publish","hentry"],"yoast_head":"<!-- This site is optimized with the Yoast SEO plugin v27.3 - https:\/\/yoast.com\/product\/yoast-seo-wordpress\/ -->\n<title>Nosotros - Estudio Jur\u00eddico Cornaglia - Cichero y Asociados<\/title>\n<meta name=\"description\" content=\"Nuestro equipo est\u00e1 formado por abogados experimentados que se dedican a brindar asesoramiento y representaci\u00f3n legal de calidad.\" \/>\n<meta name=\"robots\" content=\"index, follow, max-snippet:-1, max-image-preview:large, max-video-preview:-1\" \/>\n<link rel=\"canonical\" href=\"https:\/\/estudiocornaglia.com\/index.php\/sobre-nosotros\/\" \/>\n<meta property=\"og:locale\" content=\"es_ES\" \/>\n<meta property=\"og:type\" content=\"article\" \/>\n<meta property=\"og:title\" content=\"Nosotros - Estudio Jur\u00eddico Cornaglia - Cichero y Asociados\" \/>\n<meta property=\"og:description\" content=\"Nuestro equipo est\u00e1 formado por abogados experimentados que se dedican a brindar asesoramiento y representaci\u00f3n legal de calidad.\" \/>\n<meta property=\"og:url\" content=\"https:\/\/estudiocornaglia.com\/index.php\/sobre-nosotros\/\" \/>\n<meta property=\"og:site_name\" content=\"Estudio Jur\u00eddico Cornaglia - Cichero y Asociados\" \/>\n<meta property=\"article:publisher\" content=\"https:\/\/www.facebook.com\/EstCornaglia\/?locale=es_LA\" \/>\n<meta property=\"article:modified_time\" content=\"2024-10-15T20:02:19+00:00\" \/>\n<meta property=\"og:image\" content=\"https:\/\/estudiocornaglia.com\/wp-content\/uploads\/2023\/06\/Estudio-cornaglia-03.jpg\" \/>\n\t<meta property=\"og:image:width\" content=\"833\" \/>\n\t<meta property=\"og:image:height\" content=\"833\" \/>\n\t<meta property=\"og:image:type\" content=\"image\/jpeg\" \/>\n<meta name=\"twitter:card\" content=\"summary_large_image\" \/>\n<meta name=\"twitter:label1\" content=\"Tiempo de lectura\" \/>\n\t<meta name=\"twitter:data1\" content=\"3 minutos\" \/>\n<script type=\"application\/ld+json\" class=\"yoast-schema-graph\">{\"@context\":\"https:\\\/\\\/schema.org\",\"@graph\":[{\"@type\":\"WebPage\",\"@id\":\"https:\\\/\\\/estudiocornaglia.com\\\/index.php\\\/sobre-nosotros\\\/\",\"url\":\"https:\\\/\\\/estudiocornaglia.com\\\/index.php\\\/sobre-nosotros\\\/\",\"name\":\"Nosotros - Estudio Jur\u00eddico Cornaglia - Cichero y Asociados\",\"isPartOf\":{\"@id\":\"https:\\\/\\\/estudiocornaglia.com\\\/#website\"},\"primaryImageOfPage\":{\"@id\":\"https:\\\/\\\/estudiocornaglia.com\\\/index.php\\\/sobre-nosotros\\\/#primaryimage\"},\"image\":{\"@id\":\"https:\\\/\\\/estudiocornaglia.com\\\/index.php\\\/sobre-nosotros\\\/#primaryimage\"},\"thumbnailUrl\":\"https:\\\/\\\/estudiocornaglia.com\\\/wp-content\\\/uploads\\\/2023\\\/06\\\/Estudio-cornaglia-03.jpg\",\"datePublished\":\"2020-02-26T09:07:17+00:00\",\"dateModified\":\"2024-10-15T20:02:19+00:00\",\"description\":\"Nuestro equipo est\u00e1 formado por abogados experimentados que se dedican a brindar asesoramiento y representaci\u00f3n legal de calidad.\",\"breadcrumb\":{\"@id\":\"https:\\\/\\\/estudiocornaglia.com\\\/index.php\\\/sobre-nosotros\\\/#breadcrumb\"},\"inLanguage\":\"es\",\"potentialAction\":[{\"@type\":\"ReadAction\",\"target\":[\"https:\\\/\\\/estudiocornaglia.com\\\/index.php\\\/sobre-nosotros\\\/\"]}]},{\"@type\":\"ImageObject\",\"inLanguage\":\"es\",\"@id\":\"https:\\\/\\\/estudiocornaglia.com\\\/index.php\\\/sobre-nosotros\\\/#primaryimage\",\"url\":\"https:\\\/\\\/estudiocornaglia.com\\\/wp-content\\\/uploads\\\/2023\\\/06\\\/Estudio-cornaglia-03.jpg\",\"contentUrl\":\"https:\\\/\\\/estudiocornaglia.com\\\/wp-content\\\/uploads\\\/2023\\\/06\\\/Estudio-cornaglia-03.jpg\",\"width\":833,\"height\":833},{\"@type\":\"BreadcrumbList\",\"@id\":\"https:\\\/\\\/estudiocornaglia.com\\\/index.php\\\/sobre-nosotros\\\/#breadcrumb\",\"itemListElement\":[{\"@type\":\"ListItem\",\"position\":1,\"name\":\"Portada\",\"item\":\"https:\\\/\\\/estudiocornaglia.com\\\/\"},{\"@type\":\"ListItem\",\"position\":2,\"name\":\"Nosotros\"}]},{\"@type\":\"WebSite\",\"@id\":\"https:\\\/\\\/estudiocornaglia.com\\\/#website\",\"url\":\"https:\\\/\\\/estudiocornaglia.com\\\/\",\"name\":\"Estudio Jur\u00eddico Cornaglia - Cichero y Asociados\",\"description\":\"Estudio jur\u00eddico integral con m\u00e1s de 25 a\u00f1os de trayectoria litigando en la provincia de Buenos Aires.\",\"publisher\":{\"@id\":\"https:\\\/\\\/estudiocornaglia.com\\\/#organization\"},\"potentialAction\":[{\"@type\":\"SearchAction\",\"target\":{\"@type\":\"EntryPoint\",\"urlTemplate\":\"https:\\\/\\\/estudiocornaglia.com\\\/?s={search_term_string}\"},\"query-input\":{\"@type\":\"PropertyValueSpecification\",\"valueRequired\":true,\"valueName\":\"search_term_string\"}}],\"inLanguage\":\"es\"},{\"@type\":\"Organization\",\"@id\":\"https:\\\/\\\/estudiocornaglia.com\\\/#organization\",\"name\":\"Estudio Jur\u00eddico Cornaglia - Cichero y Asociados\",\"url\":\"https:\\\/\\\/estudiocornaglia.com\\\/\",\"logo\":{\"@type\":\"ImageObject\",\"inLanguage\":\"es\",\"@id\":\"https:\\\/\\\/estudiocornaglia.com\\\/#\\\/schema\\\/logo\\\/image\\\/\",\"url\":\"https:\\\/\\\/estudiocornaglia.com\\\/wp-content\\\/uploads\\\/2023\\\/02\\\/FEED-CORNAGLIA-02.jpg\",\"contentUrl\":\"https:\\\/\\\/estudiocornaglia.com\\\/wp-content\\\/uploads\\\/2023\\\/02\\\/FEED-CORNAGLIA-02.jpg\",\"width\":2250,\"height\":2250,\"caption\":\"Estudio Jur\u00eddico Cornaglia - Cichero y Asociados\"},\"image\":{\"@id\":\"https:\\\/\\\/estudiocornaglia.com\\\/#\\\/schema\\\/logo\\\/image\\\/\"},\"sameAs\":[\"https:\\\/\\\/www.facebook.com\\\/EstCornaglia\\\/?locale=es_LA\",\"https:\\\/\\\/www.instagram.com\\\/estudio.cornaglia\"]}]}<\/script>\n<!-- \/ Yoast SEO plugin. -->","yoast_head_json":{"title":"Nosotros - Estudio Jur\u00eddico Cornaglia - Cichero y Asociados","description":"Nuestro equipo est\u00e1 formado por abogados experimentados que se dedican a brindar asesoramiento y representaci\u00f3n legal de calidad.","robots":{"index":"index","follow":"follow","max-snippet":"max-snippet:-1","max-image-preview":"max-image-preview:large","max-video-preview":"max-video-preview:-1"},"canonical":"https:\/\/estudiocornaglia.com\/index.php\/sobre-nosotros\/","og_locale":"es_ES","og_type":"article","og_title":"Nosotros - Estudio Jur\u00eddico Cornaglia - Cichero y Asociados","og_description":"Nuestro equipo est\u00e1 formado por abogados experimentados que se dedican a brindar asesoramiento y representaci\u00f3n legal de calidad.","og_url":"https:\/\/estudiocornaglia.com\/index.php\/sobre-nosotros\/","og_site_name":"Estudio Jur\u00eddico Cornaglia - Cichero y Asociados","article_publisher":"https:\/\/www.facebook.com\/EstCornaglia\/?locale=es_LA","article_modified_time":"2024-10-15T20:02:19+00:00","og_image":[{"width":833,"height":833,"url":"https:\/\/estudiocornaglia.com\/wp-content\/uploads\/2023\/06\/Estudio-cornaglia-03.jpg","type":"image\/jpeg"}],"twitter_card":"summary_large_image","twitter_misc":{"Tiempo de lectura":"3 minutos"},"schema":{"@context":"https:\/\/schema.org","@graph":[{"@type":"WebPage","@id":"https:\/\/estudiocornaglia.com\/index.php\/sobre-nosotros\/","url":"https:\/\/estudiocornaglia.com\/index.php\/sobre-nosotros\/","name":"Nosotros - Estudio Jur\u00eddico Cornaglia - Cichero y Asociados","isPartOf":{"@id":"https:\/\/estudiocornaglia.com\/#website"},"primaryImageOfPage":{"@id":"https:\/\/estudiocornaglia.com\/index.php\/sobre-nosotros\/#primaryimage"},"image":{"@id":"https:\/\/estudiocornaglia.com\/index.php\/sobre-nosotros\/#primaryimage"},"thumbnailUrl":"https:\/\/estudiocornaglia.com\/wp-content\/uploads\/2023\/06\/Estudio-cornaglia-03.jpg","datePublished":"2020-02-26T09:07:17+00:00","dateModified":"2024-10-15T20:02:19+00:00","description":"Nuestro equipo est\u00e1 formado por abogados experimentados que se dedican a brindar asesoramiento y representaci\u00f3n legal de calidad.","breadcrumb":{"@id":"https:\/\/estudiocornaglia.com\/index.php\/sobre-nosotros\/#breadcrumb"},"inLanguage":"es","potentialAction":[{"@type":"ReadAction","target":["https:\/\/estudiocornaglia.com\/index.php\/sobre-nosotros\/"]}]},{"@type":"ImageObject","inLanguage":"es","@id":"https:\/\/estudiocornaglia.com\/index.php\/sobre-nosotros\/#primaryimage","url":"https:\/\/estudiocornaglia.com\/wp-content\/uploads\/2023\/06\/Estudio-cornaglia-03.jpg","contentUrl":"https:\/\/estudiocornaglia.com\/wp-content\/uploads\/2023\/06\/Estudio-cornaglia-03.jpg","width":833,"height":833},{"@type":"BreadcrumbList","@id":"https:\/\/estudiocornaglia.com\/index.php\/sobre-nosotros\/#breadcrumb","itemListElement":[{"@type":"ListItem","position":1,"name":"Portada","item":"https:\/\/estudiocornaglia.com\/"},{"@type":"ListItem","position":2,"name":"Nosotros"}]},{"@type":"WebSite","@id":"https:\/\/estudiocornaglia.com\/#website","url":"https:\/\/estudiocornaglia.com\/","name":"Estudio Jur\u00eddico Cornaglia - Cichero y Asociados","description":"Estudio jur\u00eddico integral con m\u00e1s de 25 a\u00f1os de trayectoria litigando en la provincia de Buenos Aires.","publisher":{"@id":"https:\/\/estudiocornaglia.com\/#organization"},"potentialAction":[{"@type":"SearchAction","target":{"@type":"EntryPoint","urlTemplate":"https:\/\/estudiocornaglia.com\/?s={search_term_string}"},"query-input":{"@type":"PropertyValueSpecification","valueRequired":true,"valueName":"search_term_string"}}],"inLanguage":"es"},{"@type":"Organization","@id":"https:\/\/estudiocornaglia.com\/#organization","name":"Estudio Jur\u00eddico Cornaglia - Cichero y Asociados","url":"https:\/\/estudiocornaglia.com\/","logo":{"@type":"ImageObject","inLanguage":"es","@id":"https:\/\/estudiocornaglia.com\/#\/schema\/logo\/image\/","url":"https:\/\/estudiocornaglia.com\/wp-content\/uploads\/2023\/02\/FEED-CORNAGLIA-02.jpg","contentUrl":"https:\/\/estudiocornaglia.com\/wp-content\/uploads\/2023\/02\/FEED-CORNAGLIA-02.jpg","width":2250,"height":2250,"caption":"Estudio Jur\u00eddico Cornaglia - Cichero y Asociados"},"image":{"@id":"https:\/\/estudiocornaglia.com\/#\/schema\/logo\/image\/"},"sameAs":["https:\/\/www.facebook.com\/EstCornaglia\/?locale=es_LA","https:\/\/www.instagram.com\/estudio.cornaglia"]}]}},"_links":{"self":[{"href":"https:\/\/estudiocornaglia.com\/index.php\/wp-json\/wp\/v2\/pages\/161","targetHints":{"allow":["GET"]}}],"collection":[{"href":"https:\/\/estudiocornaglia.com\/index.php\/wp-json\/wp\/v2\/pages"}],"about":[{"href":"https:\/\/estudiocornaglia.com\/index.php\/wp-json\/wp\/v2\/types\/page"}],"author":[{"embeddable":true,"href":"https:\/\/estudiocornaglia.com\/index.php\/wp-json\/wp\/v2\/users\/1"}],"replies":[{"embeddable":true,"href":"https:\/\/estudiocornaglia.com\/index.php\/wp-json\/wp\/v2\/comments?post=161"}],"version-history":[{"count":93,"href":"https:\/\/estudiocornaglia.com\/index.php\/wp-json\/wp\/v2\/pages\/161\/revisions"}],"predecessor-version":[{"id":935,"href":"https:\/\/estudiocornaglia.com\/index.php\/wp-json\/wp\/v2\/pages\/161\/revisions\/935"}],"wp:attachment":[{"href":"https:\/\/estudiocornaglia.com\/index.php\/wp-json\/wp\/v2\/media?parent=161"}],"curies":[{"name":"wp","href":"https:\/\/api.w.org\/{rel}","templated":true}]}}