{"id":465,"date":"2023-02-15T17:11:00","date_gmt":"2023-02-15T17:11:00","guid":{"rendered":"https:\/\/estudiocornaglia.servidoronline.net\/?page_id=465"},"modified":"2026-02-11T15:12:59","modified_gmt":"2026-02-11T18:12:59","slug":"derecho-empresarial","status":"publish","type":"page","link":"https:\/\/estudiocornaglia.com\/index.php\/derecho-empresarial\/","title":{"rendered":"Derecho empresarial"},"content":{"rendered":"\n<div class=\"wp-block-cover alignfull is-light\" style=\"min-height:500px;aspect-ratio:unset;\"><img loading=\"lazy\" decoding=\"async\" width=\"2560\" height=\"1707\" class=\"wp-block-cover__image-background wp-image-688\" alt=\"\" src=\"https:\/\/estudiocornaglia.com\/wp-content\/uploads\/2023\/05\/Sin-titulo-1-scaled.jpg\" style=\"object-position:33% 70%\" data-object-fit=\"cover\" data-object-position=\"33% 70%\" srcset=\"https:\/\/estudiocornaglia.com\/wp-content\/uploads\/2023\/05\/Sin-titulo-1-scaled.jpg 2560w, https:\/\/estudiocornaglia.com\/wp-content\/uploads\/2023\/05\/Sin-titulo-1-300x200.jpg 300w, https:\/\/estudiocornaglia.com\/wp-content\/uploads\/2023\/05\/Sin-titulo-1-1024x683.jpg 1024w, https:\/\/estudiocornaglia.com\/wp-content\/uploads\/2023\/05\/Sin-titulo-1-768x512.jpg 768w, https:\/\/estudiocornaglia.com\/wp-content\/uploads\/2023\/05\/Sin-titulo-1-1536x1024.jpg 1536w, https:\/\/estudiocornaglia.com\/wp-content\/uploads\/2023\/05\/Sin-titulo-1-2048x1365.jpg 2048w, https:\/\/estudiocornaglia.com\/wp-content\/uploads\/2023\/05\/Sin-titulo-1-930x620.jpg 930w\" sizes=\"auto, (max-width: 2560px) 100vw, 2560px\" \/><span aria-hidden=\"true\" class=\"wp-block-cover__background has-nv-light-bg-background-color has-background-dim\"><\/span><div class=\"wp-block-cover__inner-container is-layout-flow wp-block-cover-is-layout-flow\">\n<div class=\"wp-block-columns alignwide is-layout-flex wp-container-core-columns-is-layout-9d6595d7 wp-block-columns-is-layout-flex\">\n<div class=\"wp-block-column is-vertically-aligned-center is-layout-flow wp-block-column-is-layout-flow\" style=\"flex-basis:70%\">\n<div style=\"height:80px\" aria-hidden=\"true\" class=\"wp-block-spacer\"><\/div>\n\n\n\n<h2 class=\"wp-block-heading has-text-align-left has-neve-link-hover-color-color has-text-color has-large-font-size\" style=\"font-style:normal;font-weight:700\">EMPRESARIAL<\/h2>\n\n\n\n<p class=\"has-neve-link-hover-color-color has-text-color\" style=\"font-size:16px\">Contamos con el expertise necesario para responder de manera \u00e1gil, precisa y adecuada en estos tiempos de incertidumbre. Creemos en la abogac\u00eda preventiva y en la pronta resoluci\u00f3n de conflictos sin que implique menoscabar los derechos de las Pymes, evitando erogaciones innecesarias.<br>Por ello, trabajamos en conjunto con cada uno de nuestros clientes, desarrollando un plan que anticipe posibles conflictos, para&nbsp; evitarlos o poder contar con una estrategia s\u00f3lida para enfrentarlos.<br>Cada d\u00eda ofrecemos a nuestros clientes una atenci\u00f3n personalizada, con el compromiso y disposici\u00f3n de brindar una soluci\u00f3n a medida, de acuerdo a las necesidades de cada caso, ejerciendo el derecho con responsabilidad y profesionalismo.<\/p>\n\n\n\n<div class=\"wp-block-buttons is-horizontal is-content-justification-left is-layout-flex wp-container-core-buttons-is-layout-7e5fce0a wp-block-buttons-is-layout-flex\">\n<div class=\"wp-block-button is-style-primary\"><a class=\"wp-block-button__link wp-element-button\" href=\"https:\/\/api.whatsapp.com\/send\/?phone=5492364318134&amp;text=Hola%2C+quiero+un+turno+para+realizar+una+consulta&amp;type=phone_number&amp;app_absent=0\">AGENDAR CONSULTA<\/a><\/div>\n<\/div>\n\n\n\n<div style=\"height:80px\" aria-hidden=\"true\" class=\"wp-block-spacer\"><\/div>\n<\/div>\n<\/div>\n<\/div><\/div>\n\n\n\n<section id=\"wp-block-themeisle-blocks-advanced-columns-f523bd26\" class=\"wp-block-themeisle-blocks-advanced-columns has-1-columns has-desktop-equal-layout has-tablet-equal-layout has-mobile-equal-layout has-vertical-unset has-light-bg\"><div class=\"wp-block-themeisle-blocks-advanced-columns-overlay\"><\/div><div class=\"innerblocks-wrap\">\n<div id=\"wp-block-themeisle-blocks-advanced-column-8b045324\" class=\"wp-block-themeisle-blocks-advanced-column\">\n<h3 class=\"wp-block-heading has-neve-link-hover-color-color has-text-color has-medium-font-size\" style=\"font-style:normal;font-weight:700\">ASESORAMIENTO INTEGRAL A EMPRESAS<\/h3>\n\n\n\n<p>Trabajamos a diario en coordinaci\u00f3n con la gerencia de legales y sectores contables de nuestros clientes, o brindamos el servicio legal requerido para aquellos que no cuentan con un \u00e1rea jur\u00eddica espec\u00edfica dentro de su organizaci\u00f3n.<\/p>\n<\/div>\n<\/div><\/section>\n\n\n\n<div id=\"wp-block-themeisle-blocks-advanced-columns-18571327\" class=\"wp-block-themeisle-blocks-advanced-columns has-1-columns has-desktop-equal-layout has-tablet-equal-layout has-mobile-collapsedRows-layout has-vertical-unset has-light-bg\"><div class=\"wp-block-themeisle-blocks-advanced-columns-overlay\"><\/div><div class=\"innerblocks-wrap\">\n<div id=\"wp-block-themeisle-blocks-advanced-column-f05497b0\" class=\"wp-block-themeisle-blocks-advanced-column\">\n<h3 class=\"wp-block-heading has-neve-link-hover-color-color has-text-color has-medium-font-size\" style=\"font-style:normal;font-weight:700\">DERECHO SOCIETARIO Y CORPORATIVO<\/h3>\n\n\n\n<p>Asesoramiento integral en formaci\u00f3n, operaci\u00f3n, reorganizaci\u00f3n y reestructuraci\u00f3n de sociedades, acuerdos para societarios, transferencia de paquetes accionarios, fusi\u00f3n y adquisici\u00f3n de sociedades. Transferencias de fondos de comercio. Escisiones sociales. Conflictos societarios y tramitaciones administrativas ante organismos de contralor.<\/p>\n<\/div>\n<\/div><\/div>\n\n\n\n<div id=\"wp-block-themeisle-blocks-advanced-columns-13254e69\" class=\"wp-block-themeisle-blocks-advanced-columns has-1-columns has-desktop-equal-layout has-tablet-equal-layout has-mobile-collapsedRows-layout has-vertical-unset has-light-bg\"><div class=\"wp-block-themeisle-blocks-advanced-columns-overlay\"><\/div><div class=\"innerblocks-wrap\">\n<div id=\"wp-block-themeisle-blocks-advanced-column-d6239c72\" class=\"wp-block-themeisle-blocks-advanced-column\">\n<h3 class=\"wp-block-heading has-neve-link-hover-color-color has-text-color has-medium-font-size\" style=\"font-style:normal;font-weight:700\">LABORAL<\/h3>\n\n\n\n<p>Asesoramiento laboral a empresas en la redacci\u00f3n de contratos de trabajo, otorgamiento de beneficios sociales y planes de retiro, negociaci\u00f3n con sindicatos, tr\u00e1mites o reclamos ante el Ministerio de Trabajo o el Servicio de Conciliaci\u00f3n Laboral Obligatoria (SECLO), reparticiones provinciales; y litigios laborales.<\/p>\n<\/div>\n<\/div><\/div>\n\n\n\n<div id=\"wp-block-themeisle-blocks-advanced-columns-6df7b5f5\" class=\"wp-block-themeisle-blocks-advanced-columns has-1-columns has-desktop-equal-layout has-tablet-equal-layout has-mobile-collapsedRows-layout has-vertical-unset has-light-bg\"><div class=\"wp-block-themeisle-blocks-advanced-columns-overlay\"><\/div><div class=\"innerblocks-wrap\">\n<div id=\"wp-block-themeisle-blocks-advanced-column-88eb507d\" class=\"wp-block-themeisle-blocks-advanced-column\">\n<h3 class=\"wp-block-heading has-neve-link-hover-color-color has-text-color has-medium-font-size\" style=\"font-style:normal;font-weight:700\">GESTIONES DE COBRANZA<\/h3>\n\n\n\n<p>Acciones de recupero de cr\u00e9ditos para bancos, compa\u00f1\u00edas e individuos con o sin garant\u00eda real, gestiones extrajudiciales de cobro, ejecuciones hipotecarias y prendarias, clubes de acreedores, convenios de refinanciaci\u00f3n de deuda, juicios ejecutivos y casos de concursos o quiebras.<\/p>\n<\/div>\n<\/div><\/div>\n\n\n\n<div style=\"height:0px\" aria-hidden=\"true\" class=\"wp-block-spacer\"><\/div>\n","protected":false},"excerpt":{"rendered":"","protected":false},"author":1,"featured_media":0,"parent":0,"menu_order":0,"comment_status":"closed","ping_status":"closed","template":"","meta":{"neve_meta_sidebar":"","neve_meta_container":"","neve_meta_enable_content_width":"","neve_meta_content_width":0,"neve_meta_title_alignment":"","neve_meta_author_avatar":"","neve_post_elements_order":"","neve_meta_disable_header":"","neve_meta_disable_footer":"","neve_meta_disable_title":"","_themeisle_gutenberg_block_has_review":false,"footnotes":""},"class_list":["post-465","page","type-page","status-publish","hentry"],"yoast_head":"<!-- This site is optimized with the Yoast SEO plugin v27.3 - https:\/\/yoast.com\/product\/yoast-seo-wordpress\/ -->\n<title>Derecho empresarial - Estudio Jur\u00eddico Cornaglia - Cichero y Asociados<\/title>\n<meta name=\"description\" content=\"Cada d\u00eda ofrecemos a nuestros clientes una atenci\u00f3n personalizada, con el compromiso y disposici\u00f3n de brindar una soluci\u00f3n a medida.\" \/>\n<meta name=\"robots\" content=\"index, follow, max-snippet:-1, max-image-preview:large, max-video-preview:-1\" \/>\n<link rel=\"canonical\" href=\"https:\/\/estudiocornaglia.com\/index.php\/derecho-empresarial\/\" \/>\n<meta property=\"og:locale\" content=\"es_ES\" \/>\n<meta property=\"og:type\" content=\"article\" \/>\n<meta property=\"og:title\" content=\"Derecho empresarial - Estudio Jur\u00eddico Cornaglia - Cichero y Asociados\" \/>\n<meta property=\"og:description\" content=\"Cada d\u00eda ofrecemos a nuestros clientes una atenci\u00f3n personalizada, con el compromiso y disposici\u00f3n de brindar una soluci\u00f3n a medida.\" \/>\n<meta property=\"og:url\" content=\"https:\/\/estudiocornaglia.com\/index.php\/derecho-empresarial\/\" \/>\n<meta property=\"og:site_name\" content=\"Estudio Jur\u00eddico Cornaglia - Cichero y Asociados\" \/>\n<meta property=\"article:publisher\" content=\"https:\/\/www.facebook.com\/EstCornaglia\/?locale=es_LA\" \/>\n<meta property=\"article:modified_time\" content=\"2026-02-11T18:12:59+00:00\" \/>\n<meta property=\"og:image\" content=\"https:\/\/estudiocornaglia.com\/wp-content\/uploads\/2023\/05\/Sin-titulo-1-scaled.jpg\" \/>\n\t<meta property=\"og:image:width\" content=\"2560\" \/>\n\t<meta property=\"og:image:height\" content=\"1707\" \/>\n\t<meta property=\"og:image:type\" content=\"image\/jpeg\" \/>\n<meta name=\"twitter:card\" content=\"summary_large_image\" \/>\n<meta name=\"twitter:label1\" content=\"Tiempo de lectura\" \/>\n\t<meta name=\"twitter:data1\" content=\"2 minutos\" \/>\n<script type=\"application\/ld+json\" class=\"yoast-schema-graph\">{\"@context\":\"https:\\\/\\\/schema.org\",\"@graph\":[{\"@type\":\"WebPage\",\"@id\":\"https:\\\/\\\/estudiocornaglia.com\\\/index.php\\\/derecho-empresarial\\\/\",\"url\":\"https:\\\/\\\/estudiocornaglia.com\\\/index.php\\\/derecho-empresarial\\\/\",\"name\":\"Derecho empresarial - Estudio Jur\u00eddico Cornaglia - Cichero y Asociados\",\"isPartOf\":{\"@id\":\"https:\\\/\\\/estudiocornaglia.com\\\/#website\"},\"primaryImageOfPage\":{\"@id\":\"https:\\\/\\\/estudiocornaglia.com\\\/index.php\\\/derecho-empresarial\\\/#primaryimage\"},\"image\":{\"@id\":\"https:\\\/\\\/estudiocornaglia.com\\\/index.php\\\/derecho-empresarial\\\/#primaryimage\"},\"thumbnailUrl\":\"https:\\\/\\\/estudiocornaglia.com\\\/wp-content\\\/uploads\\\/2023\\\/05\\\/Sin-titulo-1-scaled.jpg\",\"datePublished\":\"2023-02-15T17:11:00+00:00\",\"dateModified\":\"2026-02-11T18:12:59+00:00\",\"description\":\"Cada d\u00eda ofrecemos a nuestros clientes una atenci\u00f3n personalizada, con el compromiso y disposici\u00f3n de brindar una soluci\u00f3n a medida.\",\"breadcrumb\":{\"@id\":\"https:\\\/\\\/estudiocornaglia.com\\\/index.php\\\/derecho-empresarial\\\/#breadcrumb\"},\"inLanguage\":\"es\",\"potentialAction\":[{\"@type\":\"ReadAction\",\"target\":[\"https:\\\/\\\/estudiocornaglia.com\\\/index.php\\\/derecho-empresarial\\\/\"]}]},{\"@type\":\"ImageObject\",\"inLanguage\":\"es\",\"@id\":\"https:\\\/\\\/estudiocornaglia.com\\\/index.php\\\/derecho-empresarial\\\/#primaryimage\",\"url\":\"https:\\\/\\\/estudiocornaglia.com\\\/wp-content\\\/uploads\\\/2023\\\/05\\\/Sin-titulo-1-scaled.jpg\",\"contentUrl\":\"https:\\\/\\\/estudiocornaglia.com\\\/wp-content\\\/uploads\\\/2023\\\/05\\\/Sin-titulo-1-scaled.jpg\",\"width\":2560,\"height\":1707},{\"@type\":\"BreadcrumbList\",\"@id\":\"https:\\\/\\\/estudiocornaglia.com\\\/index.php\\\/derecho-empresarial\\\/#breadcrumb\",\"itemListElement\":[{\"@type\":\"ListItem\",\"position\":1,\"name\":\"Portada\",\"item\":\"https:\\\/\\\/estudiocornaglia.com\\\/\"},{\"@type\":\"ListItem\",\"position\":2,\"name\":\"Derecho empresarial\"}]},{\"@type\":\"WebSite\",\"@id\":\"https:\\\/\\\/estudiocornaglia.com\\\/#website\",\"url\":\"https:\\\/\\\/estudiocornaglia.com\\\/\",\"name\":\"Estudio Jur\u00eddico Cornaglia - Cichero y Asociados\",\"description\":\"Estudio jur\u00eddico integral con m\u00e1s de 25 a\u00f1os de trayectoria litigando en la provincia de Buenos Aires.\",\"publisher\":{\"@id\":\"https:\\\/\\\/estudiocornaglia.com\\\/#organization\"},\"potentialAction\":[{\"@type\":\"SearchAction\",\"target\":{\"@type\":\"EntryPoint\",\"urlTemplate\":\"https:\\\/\\\/estudiocornaglia.com\\\/?s={search_term_string}\"},\"query-input\":{\"@type\":\"PropertyValueSpecification\",\"valueRequired\":true,\"valueName\":\"search_term_string\"}}],\"inLanguage\":\"es\"},{\"@type\":\"Organization\",\"@id\":\"https:\\\/\\\/estudiocornaglia.com\\\/#organization\",\"name\":\"Estudio Jur\u00eddico Cornaglia - Cichero y Asociados\",\"url\":\"https:\\\/\\\/estudiocornaglia.com\\\/\",\"logo\":{\"@type\":\"ImageObject\",\"inLanguage\":\"es\",\"@id\":\"https:\\\/\\\/estudiocornaglia.com\\\/#\\\/schema\\\/logo\\\/image\\\/\",\"url\":\"https:\\\/\\\/estudiocornaglia.com\\\/wp-content\\\/uploads\\\/2023\\\/02\\\/FEED-CORNAGLIA-02.jpg\",\"contentUrl\":\"https:\\\/\\\/estudiocornaglia.com\\\/wp-content\\\/uploads\\\/2023\\\/02\\\/FEED-CORNAGLIA-02.jpg\",\"width\":2250,\"height\":2250,\"caption\":\"Estudio Jur\u00eddico Cornaglia - Cichero y Asociados\"},\"image\":{\"@id\":\"https:\\\/\\\/estudiocornaglia.com\\\/#\\\/schema\\\/logo\\\/image\\\/\"},\"sameAs\":[\"https:\\\/\\\/www.facebook.com\\\/EstCornaglia\\\/?locale=es_LA\",\"https:\\\/\\\/www.instagram.com\\\/estudio.cornaglia\"]}]}<\/script>\n<!-- \/ Yoast SEO plugin. -->","yoast_head_json":{"title":"Derecho empresarial - Estudio Jur\u00eddico Cornaglia - Cichero y Asociados","description":"Cada d\u00eda ofrecemos a nuestros clientes una atenci\u00f3n personalizada, con el compromiso y disposici\u00f3n de brindar una soluci\u00f3n a medida.","robots":{"index":"index","follow":"follow","max-snippet":"max-snippet:-1","max-image-preview":"max-image-preview:large","max-video-preview":"max-video-preview:-1"},"canonical":"https:\/\/estudiocornaglia.com\/index.php\/derecho-empresarial\/","og_locale":"es_ES","og_type":"article","og_title":"Derecho empresarial - Estudio Jur\u00eddico Cornaglia - Cichero y Asociados","og_description":"Cada d\u00eda ofrecemos a nuestros clientes una atenci\u00f3n personalizada, con el compromiso y disposici\u00f3n de brindar una soluci\u00f3n a medida.","og_url":"https:\/\/estudiocornaglia.com\/index.php\/derecho-empresarial\/","og_site_name":"Estudio Jur\u00eddico Cornaglia - Cichero y Asociados","article_publisher":"https:\/\/www.facebook.com\/EstCornaglia\/?locale=es_LA","article_modified_time":"2026-02-11T18:12:59+00:00","og_image":[{"width":2560,"height":1707,"url":"https:\/\/estudiocornaglia.com\/wp-content\/uploads\/2023\/05\/Sin-titulo-1-scaled.jpg","type":"image\/jpeg"}],"twitter_card":"summary_large_image","twitter_misc":{"Tiempo de lectura":"2 minutos"},"schema":{"@context":"https:\/\/schema.org","@graph":[{"@type":"WebPage","@id":"https:\/\/estudiocornaglia.com\/index.php\/derecho-empresarial\/","url":"https:\/\/estudiocornaglia.com\/index.php\/derecho-empresarial\/","name":"Derecho empresarial - Estudio Jur\u00eddico Cornaglia - Cichero y Asociados","isPartOf":{"@id":"https:\/\/estudiocornaglia.com\/#website"},"primaryImageOfPage":{"@id":"https:\/\/estudiocornaglia.com\/index.php\/derecho-empresarial\/#primaryimage"},"image":{"@id":"https:\/\/estudiocornaglia.com\/index.php\/derecho-empresarial\/#primaryimage"},"thumbnailUrl":"https:\/\/estudiocornaglia.com\/wp-content\/uploads\/2023\/05\/Sin-titulo-1-scaled.jpg","datePublished":"2023-02-15T17:11:00+00:00","dateModified":"2026-02-11T18:12:59+00:00","description":"Cada d\u00eda ofrecemos a nuestros clientes una atenci\u00f3n personalizada, con el compromiso y disposici\u00f3n de brindar una soluci\u00f3n a medida.","breadcrumb":{"@id":"https:\/\/estudiocornaglia.com\/index.php\/derecho-empresarial\/#breadcrumb"},"inLanguage":"es","potentialAction":[{"@type":"ReadAction","target":["https:\/\/estudiocornaglia.com\/index.php\/derecho-empresarial\/"]}]},{"@type":"ImageObject","inLanguage":"es","@id":"https:\/\/estudiocornaglia.com\/index.php\/derecho-empresarial\/#primaryimage","url":"https:\/\/estudiocornaglia.com\/wp-content\/uploads\/2023\/05\/Sin-titulo-1-scaled.jpg","contentUrl":"https:\/\/estudiocornaglia.com\/wp-content\/uploads\/2023\/05\/Sin-titulo-1-scaled.jpg","width":2560,"height":1707},{"@type":"BreadcrumbList","@id":"https:\/\/estudiocornaglia.com\/index.php\/derecho-empresarial\/#breadcrumb","itemListElement":[{"@type":"ListItem","position":1,"name":"Portada","item":"https:\/\/estudiocornaglia.com\/"},{"@type":"ListItem","position":2,"name":"Derecho empresarial"}]},{"@type":"WebSite","@id":"https:\/\/estudiocornaglia.com\/#website","url":"https:\/\/estudiocornaglia.com\/","name":"Estudio Jur\u00eddico Cornaglia - Cichero y Asociados","description":"Estudio jur\u00eddico integral con m\u00e1s de 25 a\u00f1os de trayectoria litigando en la provincia de Buenos Aires.","publisher":{"@id":"https:\/\/estudiocornaglia.com\/#organization"},"potentialAction":[{"@type":"SearchAction","target":{"@type":"EntryPoint","urlTemplate":"https:\/\/estudiocornaglia.com\/?s={search_term_string}"},"query-input":{"@type":"PropertyValueSpecification","valueRequired":true,"valueName":"search_term_string"}}],"inLanguage":"es"},{"@type":"Organization","@id":"https:\/\/estudiocornaglia.com\/#organization","name":"Estudio Jur\u00eddico Cornaglia - Cichero y Asociados","url":"https:\/\/estudiocornaglia.com\/","logo":{"@type":"ImageObject","inLanguage":"es","@id":"https:\/\/estudiocornaglia.com\/#\/schema\/logo\/image\/","url":"https:\/\/estudiocornaglia.com\/wp-content\/uploads\/2023\/02\/FEED-CORNAGLIA-02.jpg","contentUrl":"https:\/\/estudiocornaglia.com\/wp-content\/uploads\/2023\/02\/FEED-CORNAGLIA-02.jpg","width":2250,"height":2250,"caption":"Estudio Jur\u00eddico Cornaglia - Cichero y Asociados"},"image":{"@id":"https:\/\/estudiocornaglia.com\/#\/schema\/logo\/image\/"},"sameAs":["https:\/\/www.facebook.com\/EstCornaglia\/?locale=es_LA","https:\/\/www.instagram.com\/estudio.cornaglia"]}]}},"_links":{"self":[{"href":"https:\/\/estudiocornaglia.com\/index.php\/wp-json\/wp\/v2\/pages\/465","targetHints":{"allow":["GET"]}}],"collection":[{"href":"https:\/\/estudiocornaglia.com\/index.php\/wp-json\/wp\/v2\/pages"}],"about":[{"href":"https:\/\/estudiocornaglia.com\/index.php\/wp-json\/wp\/v2\/types\/page"}],"author":[{"embeddable":true,"href":"https:\/\/estudiocornaglia.com\/index.php\/wp-json\/wp\/v2\/users\/1"}],"replies":[{"embeddable":true,"href":"https:\/\/estudiocornaglia.com\/index.php\/wp-json\/wp\/v2\/comments?post=465"}],"version-history":[{"count":27,"href":"https:\/\/estudiocornaglia.com\/index.php\/wp-json\/wp\/v2\/pages\/465\/revisions"}],"predecessor-version":[{"id":965,"href":"https:\/\/estudiocornaglia.com\/index.php\/wp-json\/wp\/v2\/pages\/465\/revisions\/965"}],"wp:attachment":[{"href":"https:\/\/estudiocornaglia.com\/index.php\/wp-json\/wp\/v2\/media?parent=465"}],"curies":[{"name":"wp","href":"https:\/\/api.w.org\/{rel}","templated":true}]}}