{"id":603,"date":"2023-04-12T18:07:48","date_gmt":"2023-04-12T18:07:48","guid":{"rendered":"https:\/\/estudiocornaglia.servidoronline.net\/?page_id=603"},"modified":"2026-02-11T15:14:30","modified_gmt":"2026-02-11T18:14:30","slug":"derecho-penal","status":"publish","type":"page","link":"https:\/\/estudiocornaglia.com\/index.php\/derecho-penal\/","title":{"rendered":"Derecho penal"},"content":{"rendered":"\n<div class=\"wp-block-cover alignfull\" style=\"min-height:500px;aspect-ratio:unset;\"><img loading=\"lazy\" decoding=\"async\" width=\"2000\" height=\"1333\" class=\"wp-block-cover__image-background wp-image-605\" alt=\"\" src=\"https:\/\/estudiocornaglia.com\/wp-content\/uploads\/2023\/04\/pexels-tima-miroshnichenko-9572670.jpg\" style=\"object-position:74% 79%\" data-object-fit=\"cover\" data-object-position=\"74% 79%\" srcset=\"https:\/\/estudiocornaglia.com\/wp-content\/uploads\/2023\/04\/pexels-tima-miroshnichenko-9572670.jpg 2000w, https:\/\/estudiocornaglia.com\/wp-content\/uploads\/2023\/04\/pexels-tima-miroshnichenko-9572670-300x200.jpg 300w, https:\/\/estudiocornaglia.com\/wp-content\/uploads\/2023\/04\/pexels-tima-miroshnichenko-9572670-1024x682.jpg 1024w, https:\/\/estudiocornaglia.com\/wp-content\/uploads\/2023\/04\/pexels-tima-miroshnichenko-9572670-768x512.jpg 768w, https:\/\/estudiocornaglia.com\/wp-content\/uploads\/2023\/04\/pexels-tima-miroshnichenko-9572670-1536x1024.jpg 1536w, https:\/\/estudiocornaglia.com\/wp-content\/uploads\/2023\/04\/pexels-tima-miroshnichenko-9572670-930x620.jpg 930w\" sizes=\"auto, (max-width: 2000px) 100vw, 2000px\" \/><span aria-hidden=\"true\" class=\"wp-block-cover__background has-nv-light-bg-background-color has-background-dim-80 has-background-dim\"><\/span><div class=\"wp-block-cover__inner-container is-layout-flow wp-block-cover-is-layout-flow\">\n<div class=\"wp-block-columns alignwide is-layout-flex wp-container-core-columns-is-layout-9d6595d7 wp-block-columns-is-layout-flex\">\n<div class=\"wp-block-column is-vertically-aligned-center is-layout-flow wp-block-column-is-layout-flow\" style=\"flex-basis:50%\">\n<h2 class=\"wp-block-heading has-text-align-left has-nv-site-bg-color has-text-color\">PENAL<\/h2>\n\n\n\n<p class=\"has-text-align-left has-nv-text-dark-bg-color has-text-color\"><strong><br>Nuestro equipo cuenta con amplia experiencia en la defensa de personas acusadas de delitos penales. Brindamos una defensa exhaustiva desde la detenci\u00f3n hasta el juicio, buscando siempre lograr la mejor soluci\u00f3n para nuestros clientes.<\/strong><\/p>\n\n\n\n<div class=\"wp-block-buttons is-horizontal is-content-justification-left is-layout-flex wp-container-core-buttons-is-layout-7e5fce0a wp-block-buttons-is-layout-flex\">\n<div class=\"wp-block-button is-style-primary\"><a class=\"wp-block-button__link wp-element-button\" href=\"https:\/\/api.whatsapp.com\/send\/?phone=5492364318134&amp;text=Hola%2C+quiero+un+turno+para+realizar+una+consulta&amp;type=phone_number&amp;app_absent=0\">AGENDAR CONSULTA<\/a><\/div>\n<\/div>\n<\/div>\n\n\n\n<div class=\"wp-block-column is-layout-flow wp-block-column-is-layout-flow\" style=\"flex-basis:33.33%\"><\/div>\n<\/div>\n<\/div><\/div>\n\n\n\n<div style=\"height:80px\" aria-hidden=\"true\" class=\"wp-block-spacer\"><\/div>\n\n\n\n<div id=\"wp-block-themeisle-blocks-advanced-columns-79f93f8c\" class=\"wp-block-themeisle-blocks-advanced-columns has-1-columns has-desktop-equal-layout has-tablet-equal-layout has-mobile-collapsedRows-layout has-vertical-unset\"><div class=\"wp-block-themeisle-blocks-advanced-columns-overlay\"><\/div><div class=\"innerblocks-wrap\">\n<div id=\"wp-block-themeisle-blocks-advanced-column-0fe67209\" class=\"wp-block-themeisle-blocks-advanced-column\">\n<h3 class=\"wp-block-heading has-neve-link-hover-color-color has-text-color has-large-font-size\" style=\"font-style:normal;font-weight:700\">NUESTRA PERSPECTIVA<\/h3>\n\n\n\n<p>Como estudio jur\u00eddico integral, nuestro enfoque en el derecho penal abarca desde la asesor\u00eda a v\u00edctimas de delitos hasta la defensa de imputados y acusados. Trabajamos en estrecha colaboraci\u00f3n con nuestros clientes para proporcionarles una representaci\u00f3n legal s\u00f3lida y efectiva, y para garantizar que sus derechos est\u00e9n protegidos en todo momento. <\/p>\n\n\n\n<p>Nos esforzamos por proporcionar a nuestros clientes la mejor representaci\u00f3n posible en cada etapa del proceso penal.<\/p>\n<\/div>\n<\/div><\/div>\n\n\n\n<div style=\"height:50px\" aria-hidden=\"true\" class=\"wp-block-spacer\"><\/div>\n\n\n\n<div id=\"wp-block-themeisle-blocks-advanced-columns-66b43b8d\" class=\"wp-block-themeisle-blocks-advanced-columns alignfull has-1-columns has-desktop-equal-layout has-tablet-equal-layout has-mobile-equal-layout has-vertical-unset has-light-bg\"><div class=\"wp-block-themeisle-blocks-advanced-columns-overlay\"><\/div><div class=\"innerblocks-wrap\">\n<div id=\"wp-block-themeisle-blocks-advanced-column-ea482766\" class=\"wp-block-themeisle-blocks-advanced-column\">\n<h3 id=\"wp-block-themeisle-blocks-advanced-heading-6952b403\" class=\"wp-block-themeisle-blocks-advanced-heading wp-block-themeisle-blocks-advanced-heading-6952b403\">SERVICIOS EN EL \u00c1REA PENAL<\/h3>\n\n\n\n<div id=\"wp-block-themeisle-blocks-icon-list-1a72c2a5\" class=\"wp-block-themeisle-blocks-icon-list\">\n<div id=\"wp-block-themeisle-blocks-icon-list-item-9c46152c\" class=\"wp-block-themeisle-blocks-icon-list-item\"><i class=\"fas fa-angle-right wp-block-themeisle-blocks-icon-list-item-icon-custom\"><\/i><p class=\"wp-block-themeisle-blocks-icon-list-item-content\">Querellas<\/p><\/div>\n\n\n\n<div id=\"wp-block-themeisle-blocks-icon-list-item-9512f94d\" class=\"wp-block-themeisle-blocks-icon-list-item\"><i class=\"fas fa-angle-right wp-block-themeisle-blocks-icon-list-item-icon-custom\"><\/i><p class=\"wp-block-themeisle-blocks-icon-list-item-content\">Denuncias penales<\/p><\/div>\n\n\n\n<div id=\"wp-block-themeisle-blocks-icon-list-item-bf45312e\" class=\"wp-block-themeisle-blocks-icon-list-item\"><i class=\"fas fa-angle-right wp-block-themeisle-blocks-icon-list-item-icon-custom\"><\/i><p class=\"wp-block-themeisle-blocks-icon-list-item-content\">Revisi\u00f3n de sentencias<\/p><\/div>\n\n\n\n<div id=\"wp-block-themeisle-blocks-icon-list-item-8698f30e\" class=\"wp-block-themeisle-blocks-icon-list-item\"><i class=\"fas fa-angle-right wp-block-themeisle-blocks-icon-list-item-icon-custom\"><\/i><p class=\"wp-block-themeisle-blocks-icon-list-item-content\">Apelaciones y recursos de amparo<\/p><\/div>\n\n\n\n<div id=\"wp-block-themeisle-blocks-icon-list-item-fd127f0c\" class=\"wp-block-themeisle-blocks-icon-list-item\"><i class=\"fas fa-angle-right wp-block-themeisle-blocks-icon-list-item-icon-custom\"><\/i><p class=\"wp-block-themeisle-blocks-icon-list-item-content\">Excarcelaciones <\/p><\/div>\n\n\n\n<div id=\"wp-block-themeisle-blocks-icon-list-item-76618eac\" class=\"wp-block-themeisle-blocks-icon-list-item\"><i class=\"fas fa-angle-right wp-block-themeisle-blocks-icon-list-item-icon-custom\"><\/i><p class=\"wp-block-themeisle-blocks-icon-list-item-content\">Actuaci\u00f3n en la justicia contravencional<\/p><\/div>\n\n\n\n<div id=\"wp-block-themeisle-blocks-icon-list-item-bc05639f\" class=\"wp-block-themeisle-blocks-icon-list-item\"><i class=\"fas fa-angle-right wp-block-themeisle-blocks-icon-list-item-icon-custom\"><\/i><p class=\"wp-block-themeisle-blocks-icon-list-item-content\">Asesoramiento preventivo para personas f\u00edsicas<\/p><\/div>\n\n\n\n<div id=\"wp-block-themeisle-blocks-icon-list-item-26fa7955\" class=\"wp-block-themeisle-blocks-icon-list-item\"><i class=\"fas fa-angle-right wp-block-themeisle-blocks-icon-list-item-icon-custom\"><\/i><p class=\"wp-block-themeisle-blocks-icon-list-item-content\">Defensa de clientes<\/p><\/div>\n<\/div>\n\n\n\n<p><\/p>\n<\/div>\n<\/div><\/div>\n","protected":false},"excerpt":{"rendered":"","protected":false},"author":1,"featured_media":0,"parent":0,"menu_order":0,"comment_status":"closed","ping_status":"closed","template":"","meta":{"neve_meta_sidebar":"","neve_meta_container":"","neve_meta_enable_content_width":"","neve_meta_content_width":0,"neve_meta_title_alignment":"","neve_meta_author_avatar":"","neve_post_elements_order":"","neve_meta_disable_header":"","neve_meta_disable_footer":"","neve_meta_disable_title":"","_themeisle_gutenberg_block_has_review":false,"footnotes":""},"class_list":["post-603","page","type-page","status-publish","hentry"],"yoast_head":"<!-- This site is optimized with the Yoast SEO plugin v27.3 - https:\/\/yoast.com\/product\/yoast-seo-wordpress\/ -->\n<title>Derecho penal - Estudio Jur\u00eddico Cornaglia - Cichero y Asociados<\/title>\n<meta name=\"description\" content=\"Brindamos una defensa exhaustiva desde la detenci\u00f3n hasta el juicio, buscando siempre lograr la mejor soluci\u00f3n para nuestros clientes.\" \/>\n<meta name=\"robots\" content=\"index, follow, max-snippet:-1, max-image-preview:large, max-video-preview:-1\" \/>\n<link rel=\"canonical\" href=\"https:\/\/estudiocornaglia.com\/index.php\/derecho-penal\/\" \/>\n<meta property=\"og:locale\" content=\"es_ES\" \/>\n<meta property=\"og:type\" content=\"article\" \/>\n<meta property=\"og:title\" content=\"Derecho penal - Estudio Jur\u00eddico Cornaglia - Cichero y Asociados\" \/>\n<meta property=\"og:description\" content=\"Brindamos una defensa exhaustiva desde la detenci\u00f3n hasta el juicio, buscando siempre lograr la mejor soluci\u00f3n para nuestros clientes.\" \/>\n<meta property=\"og:url\" content=\"https:\/\/estudiocornaglia.com\/index.php\/derecho-penal\/\" \/>\n<meta property=\"og:site_name\" content=\"Estudio Jur\u00eddico Cornaglia - Cichero y Asociados\" \/>\n<meta property=\"article:publisher\" content=\"https:\/\/www.facebook.com\/EstCornaglia\/?locale=es_LA\" \/>\n<meta property=\"article:modified_time\" content=\"2026-02-11T18:14:30+00:00\" \/>\n<meta property=\"og:image\" content=\"https:\/\/estudiocornaglia.com\/wp-content\/uploads\/2023\/04\/pexels-tima-miroshnichenko-9572670.jpg\" \/>\n\t<meta property=\"og:image:width\" content=\"2000\" \/>\n\t<meta property=\"og:image:height\" content=\"1333\" \/>\n\t<meta property=\"og:image:type\" content=\"image\/jpeg\" \/>\n<meta name=\"twitter:card\" content=\"summary_large_image\" \/>\n<meta name=\"twitter:label1\" content=\"Tiempo de lectura\" \/>\n\t<meta name=\"twitter:data1\" content=\"1 minuto\" \/>\n<script type=\"application\/ld+json\" class=\"yoast-schema-graph\">{\"@context\":\"https:\\\/\\\/schema.org\",\"@graph\":[{\"@type\":\"WebPage\",\"@id\":\"https:\\\/\\\/estudiocornaglia.com\\\/index.php\\\/derecho-penal\\\/\",\"url\":\"https:\\\/\\\/estudiocornaglia.com\\\/index.php\\\/derecho-penal\\\/\",\"name\":\"Derecho penal - Estudio Jur\u00eddico Cornaglia - Cichero y Asociados\",\"isPartOf\":{\"@id\":\"https:\\\/\\\/estudiocornaglia.com\\\/#website\"},\"primaryImageOfPage\":{\"@id\":\"https:\\\/\\\/estudiocornaglia.com\\\/index.php\\\/derecho-penal\\\/#primaryimage\"},\"image\":{\"@id\":\"https:\\\/\\\/estudiocornaglia.com\\\/index.php\\\/derecho-penal\\\/#primaryimage\"},\"thumbnailUrl\":\"https:\\\/\\\/estudiocornaglia.com\\\/wp-content\\\/uploads\\\/2023\\\/04\\\/pexels-tima-miroshnichenko-9572670.jpg\",\"datePublished\":\"2023-04-12T18:07:48+00:00\",\"dateModified\":\"2026-02-11T18:14:30+00:00\",\"description\":\"Brindamos una defensa exhaustiva desde la detenci\u00f3n hasta el juicio, buscando siempre lograr la mejor soluci\u00f3n para nuestros clientes.\",\"breadcrumb\":{\"@id\":\"https:\\\/\\\/estudiocornaglia.com\\\/index.php\\\/derecho-penal\\\/#breadcrumb\"},\"inLanguage\":\"es\",\"potentialAction\":[{\"@type\":\"ReadAction\",\"target\":[\"https:\\\/\\\/estudiocornaglia.com\\\/index.php\\\/derecho-penal\\\/\"]}]},{\"@type\":\"ImageObject\",\"inLanguage\":\"es\",\"@id\":\"https:\\\/\\\/estudiocornaglia.com\\\/index.php\\\/derecho-penal\\\/#primaryimage\",\"url\":\"https:\\\/\\\/estudiocornaglia.com\\\/wp-content\\\/uploads\\\/2023\\\/04\\\/pexels-tima-miroshnichenko-9572670.jpg\",\"contentUrl\":\"https:\\\/\\\/estudiocornaglia.com\\\/wp-content\\\/uploads\\\/2023\\\/04\\\/pexels-tima-miroshnichenko-9572670.jpg\",\"width\":2000,\"height\":1333},{\"@type\":\"BreadcrumbList\",\"@id\":\"https:\\\/\\\/estudiocornaglia.com\\\/index.php\\\/derecho-penal\\\/#breadcrumb\",\"itemListElement\":[{\"@type\":\"ListItem\",\"position\":1,\"name\":\"Portada\",\"item\":\"https:\\\/\\\/estudiocornaglia.com\\\/\"},{\"@type\":\"ListItem\",\"position\":2,\"name\":\"Derecho penal\"}]},{\"@type\":\"WebSite\",\"@id\":\"https:\\\/\\\/estudiocornaglia.com\\\/#website\",\"url\":\"https:\\\/\\\/estudiocornaglia.com\\\/\",\"name\":\"Estudio Jur\u00eddico Cornaglia - Cichero y Asociados\",\"description\":\"Estudio jur\u00eddico integral con m\u00e1s de 25 a\u00f1os de trayectoria litigando en la provincia de Buenos Aires.\",\"publisher\":{\"@id\":\"https:\\\/\\\/estudiocornaglia.com\\\/#organization\"},\"potentialAction\":[{\"@type\":\"SearchAction\",\"target\":{\"@type\":\"EntryPoint\",\"urlTemplate\":\"https:\\\/\\\/estudiocornaglia.com\\\/?s={search_term_string}\"},\"query-input\":{\"@type\":\"PropertyValueSpecification\",\"valueRequired\":true,\"valueName\":\"search_term_string\"}}],\"inLanguage\":\"es\"},{\"@type\":\"Organization\",\"@id\":\"https:\\\/\\\/estudiocornaglia.com\\\/#organization\",\"name\":\"Estudio Jur\u00eddico Cornaglia - Cichero y Asociados\",\"url\":\"https:\\\/\\\/estudiocornaglia.com\\\/\",\"logo\":{\"@type\":\"ImageObject\",\"inLanguage\":\"es\",\"@id\":\"https:\\\/\\\/estudiocornaglia.com\\\/#\\\/schema\\\/logo\\\/image\\\/\",\"url\":\"https:\\\/\\\/estudiocornaglia.com\\\/wp-content\\\/uploads\\\/2023\\\/02\\\/FEED-CORNAGLIA-02.jpg\",\"contentUrl\":\"https:\\\/\\\/estudiocornaglia.com\\\/wp-content\\\/uploads\\\/2023\\\/02\\\/FEED-CORNAGLIA-02.jpg\",\"width\":2250,\"height\":2250,\"caption\":\"Estudio Jur\u00eddico Cornaglia - Cichero y Asociados\"},\"image\":{\"@id\":\"https:\\\/\\\/estudiocornaglia.com\\\/#\\\/schema\\\/logo\\\/image\\\/\"},\"sameAs\":[\"https:\\\/\\\/www.facebook.com\\\/EstCornaglia\\\/?locale=es_LA\",\"https:\\\/\\\/www.instagram.com\\\/estudio.cornaglia\"]}]}<\/script>\n<!-- \/ Yoast SEO plugin. -->","yoast_head_json":{"title":"Derecho penal - Estudio Jur\u00eddico Cornaglia - Cichero y Asociados","description":"Brindamos una defensa exhaustiva desde la detenci\u00f3n hasta el juicio, buscando siempre lograr la mejor soluci\u00f3n para nuestros clientes.","robots":{"index":"index","follow":"follow","max-snippet":"max-snippet:-1","max-image-preview":"max-image-preview:large","max-video-preview":"max-video-preview:-1"},"canonical":"https:\/\/estudiocornaglia.com\/index.php\/derecho-penal\/","og_locale":"es_ES","og_type":"article","og_title":"Derecho penal - Estudio Jur\u00eddico Cornaglia - Cichero y Asociados","og_description":"Brindamos una defensa exhaustiva desde la detenci\u00f3n hasta el juicio, buscando siempre lograr la mejor soluci\u00f3n para nuestros clientes.","og_url":"https:\/\/estudiocornaglia.com\/index.php\/derecho-penal\/","og_site_name":"Estudio Jur\u00eddico Cornaglia - Cichero y Asociados","article_publisher":"https:\/\/www.facebook.com\/EstCornaglia\/?locale=es_LA","article_modified_time":"2026-02-11T18:14:30+00:00","og_image":[{"width":2000,"height":1333,"url":"https:\/\/estudiocornaglia.com\/wp-content\/uploads\/2023\/04\/pexels-tima-miroshnichenko-9572670.jpg","type":"image\/jpeg"}],"twitter_card":"summary_large_image","twitter_misc":{"Tiempo de lectura":"1 minuto"},"schema":{"@context":"https:\/\/schema.org","@graph":[{"@type":"WebPage","@id":"https:\/\/estudiocornaglia.com\/index.php\/derecho-penal\/","url":"https:\/\/estudiocornaglia.com\/index.php\/derecho-penal\/","name":"Derecho penal - Estudio Jur\u00eddico Cornaglia - Cichero y Asociados","isPartOf":{"@id":"https:\/\/estudiocornaglia.com\/#website"},"primaryImageOfPage":{"@id":"https:\/\/estudiocornaglia.com\/index.php\/derecho-penal\/#primaryimage"},"image":{"@id":"https:\/\/estudiocornaglia.com\/index.php\/derecho-penal\/#primaryimage"},"thumbnailUrl":"https:\/\/estudiocornaglia.com\/wp-content\/uploads\/2023\/04\/pexels-tima-miroshnichenko-9572670.jpg","datePublished":"2023-04-12T18:07:48+00:00","dateModified":"2026-02-11T18:14:30+00:00","description":"Brindamos una defensa exhaustiva desde la detenci\u00f3n hasta el juicio, buscando siempre lograr la mejor soluci\u00f3n para nuestros clientes.","breadcrumb":{"@id":"https:\/\/estudiocornaglia.com\/index.php\/derecho-penal\/#breadcrumb"},"inLanguage":"es","potentialAction":[{"@type":"ReadAction","target":["https:\/\/estudiocornaglia.com\/index.php\/derecho-penal\/"]}]},{"@type":"ImageObject","inLanguage":"es","@id":"https:\/\/estudiocornaglia.com\/index.php\/derecho-penal\/#primaryimage","url":"https:\/\/estudiocornaglia.com\/wp-content\/uploads\/2023\/04\/pexels-tima-miroshnichenko-9572670.jpg","contentUrl":"https:\/\/estudiocornaglia.com\/wp-content\/uploads\/2023\/04\/pexels-tima-miroshnichenko-9572670.jpg","width":2000,"height":1333},{"@type":"BreadcrumbList","@id":"https:\/\/estudiocornaglia.com\/index.php\/derecho-penal\/#breadcrumb","itemListElement":[{"@type":"ListItem","position":1,"name":"Portada","item":"https:\/\/estudiocornaglia.com\/"},{"@type":"ListItem","position":2,"name":"Derecho penal"}]},{"@type":"WebSite","@id":"https:\/\/estudiocornaglia.com\/#website","url":"https:\/\/estudiocornaglia.com\/","name":"Estudio Jur\u00eddico Cornaglia - Cichero y Asociados","description":"Estudio jur\u00eddico integral con m\u00e1s de 25 a\u00f1os de trayectoria litigando en la provincia de Buenos Aires.","publisher":{"@id":"https:\/\/estudiocornaglia.com\/#organization"},"potentialAction":[{"@type":"SearchAction","target":{"@type":"EntryPoint","urlTemplate":"https:\/\/estudiocornaglia.com\/?s={search_term_string}"},"query-input":{"@type":"PropertyValueSpecification","valueRequired":true,"valueName":"search_term_string"}}],"inLanguage":"es"},{"@type":"Organization","@id":"https:\/\/estudiocornaglia.com\/#organization","name":"Estudio Jur\u00eddico Cornaglia - Cichero y Asociados","url":"https:\/\/estudiocornaglia.com\/","logo":{"@type":"ImageObject","inLanguage":"es","@id":"https:\/\/estudiocornaglia.com\/#\/schema\/logo\/image\/","url":"https:\/\/estudiocornaglia.com\/wp-content\/uploads\/2023\/02\/FEED-CORNAGLIA-02.jpg","contentUrl":"https:\/\/estudiocornaglia.com\/wp-content\/uploads\/2023\/02\/FEED-CORNAGLIA-02.jpg","width":2250,"height":2250,"caption":"Estudio Jur\u00eddico Cornaglia - Cichero y Asociados"},"image":{"@id":"https:\/\/estudiocornaglia.com\/#\/schema\/logo\/image\/"},"sameAs":["https:\/\/www.facebook.com\/EstCornaglia\/?locale=es_LA","https:\/\/www.instagram.com\/estudio.cornaglia"]}]}},"_links":{"self":[{"href":"https:\/\/estudiocornaglia.com\/index.php\/wp-json\/wp\/v2\/pages\/603","targetHints":{"allow":["GET"]}}],"collection":[{"href":"https:\/\/estudiocornaglia.com\/index.php\/wp-json\/wp\/v2\/pages"}],"about":[{"href":"https:\/\/estudiocornaglia.com\/index.php\/wp-json\/wp\/v2\/types\/page"}],"author":[{"embeddable":true,"href":"https:\/\/estudiocornaglia.com\/index.php\/wp-json\/wp\/v2\/users\/1"}],"replies":[{"embeddable":true,"href":"https:\/\/estudiocornaglia.com\/index.php\/wp-json\/wp\/v2\/comments?post=603"}],"version-history":[{"count":6,"href":"https:\/\/estudiocornaglia.com\/index.php\/wp-json\/wp\/v2\/pages\/603\/revisions"}],"predecessor-version":[{"id":966,"href":"https:\/\/estudiocornaglia.com\/index.php\/wp-json\/wp\/v2\/pages\/603\/revisions\/966"}],"wp:attachment":[{"href":"https:\/\/estudiocornaglia.com\/index.php\/wp-json\/wp\/v2\/media?parent=603"}],"curies":[{"name":"wp","href":"https:\/\/api.w.org\/{rel}","templated":true}]}}